{"id":2452,"date":"2025-01-05T00:26:13","date_gmt":"2025-01-05T00:26:13","guid":{"rendered":"https:\/\/www.cu-boom2bust.uevora.pt\/?page_id=2452"},"modified":"2025-01-05T01:18:30","modified_gmt":"2025-01-05T01:18:30","slug":"media","status":"publish","type":"page","link":"https:\/\/www.cu-boom2bust.uevora.pt\/index.php\/media\/","title":{"rendered":"Media"},"content":{"rendered":"\n<p>Arque\u00f3logos Portugueses, July 1, 2024 [<a href=\"https:\/\/www.facebook.com\/groups\/arquelogosportugueses\/permalink\/2879858895485657\/\">LINK<\/a>]<\/p>\n\n\n\n<p>Cultura e Artes de Braga, July 1, 2024 [<a href=\"https:\/\/www.facebook.com\/groups\/339499473884486\/permalink\/1180815433086215\/\">LINK<\/a>]<\/p>\n\n\n\n<p>Laborat\u00f3rio Associado In2Past, July 1, 2024 [<a href=\"https:\/\/www.facebook.com\/In2Past\/posts\/pfbid0xyDMi3azGEHTnQ5PSDvq8W6DYcZHZYZa998b11gq2oSLWFqcSGrrjgG3k1YDpxMrl\">LINK<\/a>]<\/p>\n\n\n\n<p>Laborat\u00f3rio de Paisagens, Patrim\u00f3nio e Territ\u00f3rio, July 1, 2024 [<a href=\"https:\/\/www.facebook.com\/Lab2pt.um\/posts\/pfbid0UmTtdFXXJZcaf99418KgHFk6onVPxRqA3ujT13GQRrthykzyWfRJyowbjRGJ5dq1l\">LINK<\/a>]<\/p>\n\n\n\n<p>Laborat\u00f3rio HERCULES, June 19, 2024 [<a href=\"https:\/\/www.facebook.com\/laboratorioHERCULES\/posts\/pfbid02nXKD1Bn6PwNXPuRLbEhJeYX2Tr7gezJQpsid5gL4mWeuBtinthS12T84pEiQ7ESWl\">LINK<\/a>]<\/p>\n\n\n\n<p>Laborat\u00f3rio HERCULES, May 21, 2023 [<a href=\"https:\/\/www.facebook.com\/laboratorioHERCULES\/posts\/pfbid0txNsZxVUyodgZeFarVH2FnSGhghoSvtzrbSAq2L9h6vqsit3dXRLiiKxYY2vPd7el\">LINK<\/a>]<\/p>\n\n\n\n<p>Laborat\u00f3rio HERCULES, August 4, 2022 [<a href=\"https:\/\/www.facebook.com\/laboratorioHERCULES\/posts\/pfbid02sJvjXbxJ9sG51PF28z7zWPrtdNrwBX3oNMQo1GWWB4Lm62gaiNripZtJyWoaNmfAl\">LINK<\/a>]<\/p>\n\n\n\n<p><\/p>\n","protected":false},"excerpt":{"rendered":"<p>Arque\u00f3logos Portugueses, July 1, 2024 [LINK] Cultura e Artes de Braga, July 1, 2024 [LINK] Laborat\u00f3rio Associado In2Past, July 1, 2024 [LINK] Laborat\u00f3rio de Paisagens, Patrim\u00f3nio e Territ\u00f3rio, July 1, 2024 [LINK] Laborat\u00f3rio HERCULES, June 19, 2024 [LINK] Laborat\u00f3rio HERCULES, May 21, 2023 [LINK] Laborat\u00f3rio HERCULES, August 4, 2022 [LINK]<\/p>\n","protected":false},"author":6,"featured_media":0,"parent":0,"menu_order":0,"comment_status":"closed","ping_status":"closed","template":"","meta":{"footnotes":""},"class_list":["post-2452","page","type-page","status-publish","hentry"],"_links":{"self":[{"href":"https:\/\/www.cu-boom2bust.uevora.pt\/index.php\/wp-json\/wp\/v2\/pages\/2452","targetHints":{"allow":["GET"]}}],"collection":[{"href":"https:\/\/www.cu-boom2bust.uevora.pt\/index.php\/wp-json\/wp\/v2\/pages"}],"about":[{"href":"https:\/\/www.cu-boom2bust.uevora.pt\/index.php\/wp-json\/wp\/v2\/types\/page"}],"author":[{"embeddable":true,"href":"https:\/\/www.cu-boom2bust.uevora.pt\/index.php\/wp-json\/wp\/v2\/users\/6"}],"replies":[{"embeddable":true,"href":"https:\/\/www.cu-boom2bust.uevora.pt\/index.php\/wp-json\/wp\/v2\/comments?post=2452"}],"version-history":[{"count":15,"href":"https:\/\/www.cu-boom2bust.uevora.pt\/index.php\/wp-json\/wp\/v2\/pages\/2452\/revisions"}],"predecessor-version":[{"id":2481,"href":"https:\/\/www.cu-boom2bust.uevora.pt\/index.php\/wp-json\/wp\/v2\/pages\/2452\/revisions\/2481"}],"wp:attachment":[{"href":"https:\/\/www.cu-boom2bust.uevora.pt\/index.php\/wp-json\/wp\/v2\/media?parent=2452"}],"curies":[{"name":"wp","href":"https:\/\/api.w.org\/{rel}","templated":true}]}}