{"id":2374,"date":"2024-12-26T12:01:20","date_gmt":"2024-12-26T12:01:20","guid":{"rendered":"https:\/\/www.cu-boom2bust.uevora.pt\/?page_id=2374"},"modified":"2025-01-05T01:01:29","modified_gmt":"2025-01-05T01:01:29","slug":"others","status":"publish","type":"page","link":"https:\/\/www.cu-boom2bust.uevora.pt\/index.php\/others\/","title":{"rendered":"Others"},"content":{"rendered":"\n<h2 class=\"wp-block-heading\">Invited lectures<\/h2>\n\n\n\n<p><strong>2024<\/strong><\/p>\n\n\n\n<p>Bottaini C. <em>Circula\u00e7\u00e3o do cobre na Pr\u00e9-Hist\u00f3ria recente: novos dados no contexto Atl\u00e2ntico<\/em>. Guest lecture delivered to master archaeology students at the Museu de Arqueologia D Diogo de Sousa (Braga, Portugal), on 20th of December, at the invitation of Dr. Hugo Aluai Sampaio (Universidade do Minho).<\/p>\n\n\n\n<p>Bottaini C. <em>Novos dados sobre a circula\u00e7\u00e3o do cobre na Pr\u00e9-hist\u00f3ria recente do mundo atl\u00e2ntico<\/em>.<strong> <\/strong>Guest lecture delivered to undergraduate archaeology students at the Faculdade de Letras da Universidade de Coimbra, on 13th of December, at the invitation of Dr. Alexandre Canha (Universidade de Coimbra).<\/p>\n\n\n\n<p>Bottaini C. <em>Copper exchange in late prehistory: fresh insights from the Atlantic context<\/em>. Guest lecture delivered to master ARCHAMT students at Universidade de \u00c9vora (Portugal), on 2nd of December, at the invitation of Prof. Jos\u00e9 Mir\u00e3o (Universidade de \u00c9vora).<\/p>\n\n\n\n<p class=\"has-raft-bg-color has-text-color has-link-color wp-elements-8202aea482fd25ae273e76e36393b7f6\">a<\/p>\n\n\n\n<h2 class=\"wp-block-heading\">Invited speaker<\/h2>\n\n\n\n<p><strong>2024<\/strong><\/p>\n\n\n\n<p>Bottaini C. <em>Estudar metais antigos para qu\u00ea? Uma perspectiva laboratorial sobre a metalurgia proto-hist\u00f3rica no mundo atl\u00e2ntico<\/em>. VII Jornadas de Arqueologia Pr\u00e9- e Proto-hist\u00f3rica da Faculdade de Letras da Universidade de Coimbra, Coimbra (Portugal). 8th of May.<\/p>\n\n\n\n<p><strong>2023<\/strong><\/p>\n\n\n\n<p>Bottaini C. <em><em>O que \u00e9 que os metais nos revelam sobre as sociedades do passado? Aspetos tecnol\u00f3gicos, econ\u00f3micos e sociais da metalurgia na Pr\u00e9-hist\u00f3ria recente do mundo atl\u00e2ntico europeu<\/em>. <\/em>Ciclo &#8220;Materiais&#8221;, Museu Nacional Frei Manuel do Cen\u00e1culo, \u00c9vora, 30th of March. [<a href=\"https:\/\/www.facebook.com\/photo?fbid=691490126108461&amp;set=pb.100057424391262.-2207520000\">LINK<\/a>].<\/p>\n\n\n\n<p class=\"has-raft-bg-color has-text-color has-link-color wp-elements-8202aea482fd25ae273e76e36393b7f6\">a<\/p>\n\n\n\n<h2 class=\"wp-block-heading\">Webinars<\/h2>\n\n\n\n<p><strong>2023<\/strong><\/p>\n\n\n\n<p>Bottaini C., Cordeiro C., General-Toro P. <em>Metais arqueol\u00f3gicos e hist\u00f3ricos. Abordagens anal\u00edticas na carateriza\u00e7\u00e3o dos processos de produ\u00e7\u00e3o e deteriora\u00e7\u00e3o<\/em>. Webinars &#8220;Ci\u00eancia do Patrim\u00f4nio em Quest\u00e3o&#8221;. Organisation: Departamento do Patrim\u00f4nio Hist\u00f3rico da Casa de Oswaldo Cruz. On-line. 26th of September. [<a href=\"https:\/\/campusvirtual.fiocruz.br\/portal\/?q=palavra-chave-de-documentos\/patrim%C3%B4nio\">LINK<\/a>].<\/p>\n\n\n\n<p class=\"has-raft-bg-color has-text-color has-link-color wp-elements-8202aea482fd25ae273e76e36393b7f6\">a<\/p>\n\n\n\n<p class=\"has-x-large-font-size\"><strong>Festival<\/strong><\/p>\n\n\n\n<div class=\"wp-block-group is-vertical is-layout-flex wp-container-core-group-is-layout-1 wp-block-group-is-layout-flex\">\n<p><strong>2023<\/strong><\/p>\n\n\n\n<p>Bottaini C. <em>From Boom to Bust on the Atlantic Fringe \u2013 copper supply networks in the Irish Later Bronze Age. <\/em>Festival IMATERIAL, \u00c9vora, 21st of May [<a href=\"https:\/\/www.facebook.com\/laboratorioHERCULES\/posts\/pfbid0txNsZxVUyodgZeFarVH2FnSGhghoSvtzrbSAq2L9h6vqsit3dXRLiiKxYY2vPd7el\">LINK<\/a>].<\/p>\n\n\n\n<p class=\"has-raft-bg-color has-text-color has-link-color wp-elements-7c15b56c233b95ac1d17e9c590c3cc2b\"><\/p>\n\n\n\n<p><\/p>\n<\/div>\n","protected":false},"excerpt":{"rendered":"<p>Invited lectures 2024 Bottaini C. Circula\u00e7\u00e3o do cobre na Pr\u00e9-Hist\u00f3ria recente: novos dados no contexto Atl\u00e2ntico. Guest lecture delivered to master archaeology students at the Museu de Arqueologia D Diogo de Sousa (Braga, Portugal), on 20th of December, at the invitation of Dr. Hugo Aluai Sampaio (Universidade do Minho). Bottaini C. Novos dados sobre a [&hellip;]<\/p>\n","protected":false},"author":6,"featured_media":0,"parent":0,"menu_order":0,"comment_status":"closed","ping_status":"closed","template":"","meta":{"footnotes":""},"class_list":["post-2374","page","type-page","status-publish","hentry"],"_links":{"self":[{"href":"https:\/\/www.cu-boom2bust.uevora.pt\/index.php\/wp-json\/wp\/v2\/pages\/2374","targetHints":{"allow":["GET"]}}],"collection":[{"href":"https:\/\/www.cu-boom2bust.uevora.pt\/index.php\/wp-json\/wp\/v2\/pages"}],"about":[{"href":"https:\/\/www.cu-boom2bust.uevora.pt\/index.php\/wp-json\/wp\/v2\/types\/page"}],"author":[{"embeddable":true,"href":"https:\/\/www.cu-boom2bust.uevora.pt\/index.php\/wp-json\/wp\/v2\/users\/6"}],"replies":[{"embeddable":true,"href":"https:\/\/www.cu-boom2bust.uevora.pt\/index.php\/wp-json\/wp\/v2\/comments?post=2374"}],"version-history":[{"count":24,"href":"https:\/\/www.cu-boom2bust.uevora.pt\/index.php\/wp-json\/wp\/v2\/pages\/2374\/revisions"}],"predecessor-version":[{"id":2479,"href":"https:\/\/www.cu-boom2bust.uevora.pt\/index.php\/wp-json\/wp\/v2\/pages\/2374\/revisions\/2479"}],"wp:attachment":[{"href":"https:\/\/www.cu-boom2bust.uevora.pt\/index.php\/wp-json\/wp\/v2\/media?parent=2374"}],"curies":[{"name":"wp","href":"https:\/\/api.w.org\/{rel}","templated":true}]}}