{"id":2365,"date":"2024-12-26T11:39:07","date_gmt":"2024-12-26T11:39:07","guid":{"rendered":"https:\/\/www.cu-boom2bust.uevora.pt\/?page_id=2365"},"modified":"2024-12-26T12:04:47","modified_gmt":"2024-12-26T12:04:47","slug":"congresses","status":"publish","type":"page","link":"https:\/\/www.cu-boom2bust.uevora.pt\/index.php\/congresses\/","title":{"rendered":"Congresses"},"content":{"rendered":"\n<p><strong>2025<\/strong><\/p>\n\n\n\n<p>Bottaini C., Brandherm D., Mir\u00e3o J., Schiavon N., Timmerman S., Villa I.,\u00a0<em>From Boom to bust \u2013 Padr\u00f5es de circula\u00e7\u00e3o do cobre na Pr\u00e9-Hist\u00f3ria recente do mundo atl\u00e2ntico<\/em>. 5.\u00ba Encontro Nacional de Investigadores\/as do IN2PAST. Universidade do Minho, Braga (Portugal), 22nd \u2013 25th of January. [<a href=\"https:\/\/in2past.org\/events\/5th-national-meeting-of-in2past-researchers-call\/\" target=\"_blank\" rel=\"noreferrer noopener\">Link<\/a>].<\/p>\n\n\n\n<p><strong>2024<\/strong><\/p>\n\n\n\n<p>Bottaini C., Brandherm D., Mir\u00e3o J., Schiavon N.\u00a0<em>Copper supply networks in the Later Bronze Age of Ireland. Some preliminary data.<\/em>\u00a0Gordon Research Conference on Scientific Methods in Cultural Heritage Research. Les Diablerets (Switzerland), 7th \u2013 12th of June. [<a href=\"https:\/\/www.grc.org\/scientific-methods-in-cultural-heritage-research-conference\/2024\/\" target=\"_blank\" rel=\"noreferrer noopener\">Link<\/a>].<\/p>\n\n\n\n<p>Bottaini C., Brandherm D., Mir\u00e3o J., Schiavon N.\u00a0<em>Redes de abastecimento de cobre no Bronze M\u00e9dio e Final irland\u00eas. Uma introdu\u00e7\u00e3o a um projeto de investiga\u00e7\u00e3o em curso<\/em>. 4\u00ba National Meeting of Researchers of the IN2PAST. Lisbon (Portugal), 1st \u2013 2nd of February. [<a href=\"https:\/\/docs.google.com\/document\/u\/0\/d\/1X--jYG4CNa4KVdrXFQ4Du9RQbVs46cCG\/edit?pli=1&amp;authuser=0\" target=\"_blank\" rel=\"noreferrer noopener\">Link<\/a>].<\/p>\n\n\n\n<p><strong>2023<\/strong><\/p>\n\n\n\n<p>Bottaini C., Brandherm D.\u00a0<em>Copper supply networks in the Irish Later Bronze Age. An introduction to a recently funded research project<\/em>. Bronze Age Forum 2023. Leicester (UK), 11th \u2013 12th of November. [<a href=\"https:\/\/bronzeageforum2023.wordpress.com\/\" target=\"_blank\" rel=\"noreferrer noopener\">Link<\/a>].<\/p>\n\n\n\n<p>Bottaini C., Brandherm D.\u00a0<em>From Boom to Bust on the Atlantic Fringe \u2013 copper supply networks in the Irish Late Bronze Age<\/em>. UISPP XX World Congress. Timi\u0219oara (Romania), 3rd \u2013 10th of September. [<a href=\"https:\/\/uispp2023.uvt.ro\/wp-content\/uploads\/2024\/07\/3.Book_of_abstracts_revizuit.pdf\" target=\"_blank\" rel=\"noreferrer noopener\">Link<\/a>].<\/p>\n\n\n\n<p><\/p>\n","protected":false},"excerpt":{"rendered":"<p>2025 Bottaini C., Brandherm D., Mir\u00e3o J., Schiavon N., Timmerman S., Villa I.,\u00a0From Boom to bust \u2013 Padr\u00f5es de circula\u00e7\u00e3o do cobre na Pr\u00e9-Hist\u00f3ria recente do mundo atl\u00e2ntico. 5.\u00ba Encontro Nacional de Investigadores\/as do IN2PAST. Universidade do Minho, Braga (Portugal), 22nd \u2013 25th of January. [Link]. 2024 Bottaini C., Brandherm D., Mir\u00e3o J., Schiavon N.\u00a0Copper [&hellip;]<\/p>\n","protected":false},"author":6,"featured_media":0,"parent":0,"menu_order":0,"comment_status":"closed","ping_status":"closed","template":"","meta":{"footnotes":""},"class_list":["post-2365","page","type-page","status-publish","hentry"],"_links":{"self":[{"href":"https:\/\/www.cu-boom2bust.uevora.pt\/index.php\/wp-json\/wp\/v2\/pages\/2365","targetHints":{"allow":["GET"]}}],"collection":[{"href":"https:\/\/www.cu-boom2bust.uevora.pt\/index.php\/wp-json\/wp\/v2\/pages"}],"about":[{"href":"https:\/\/www.cu-boom2bust.uevora.pt\/index.php\/wp-json\/wp\/v2\/types\/page"}],"author":[{"embeddable":true,"href":"https:\/\/www.cu-boom2bust.uevora.pt\/index.php\/wp-json\/wp\/v2\/users\/6"}],"replies":[{"embeddable":true,"href":"https:\/\/www.cu-boom2bust.uevora.pt\/index.php\/wp-json\/wp\/v2\/comments?post=2365"}],"version-history":[{"count":2,"href":"https:\/\/www.cu-boom2bust.uevora.pt\/index.php\/wp-json\/wp\/v2\/pages\/2365\/revisions"}],"predecessor-version":[{"id":2381,"href":"https:\/\/www.cu-boom2bust.uevora.pt\/index.php\/wp-json\/wp\/v2\/pages\/2365\/revisions\/2381"}],"wp:attachment":[{"href":"https:\/\/www.cu-boom2bust.uevora.pt\/index.php\/wp-json\/wp\/v2\/media?parent=2365"}],"curies":[{"name":"wp","href":"https:\/\/api.w.org\/{rel}","templated":true}]}}