{"id":2352,"date":"2024-12-26T01:00:09","date_gmt":"2024-12-26T01:00:09","guid":{"rendered":"https:\/\/www.cu-boom2bust.uevora.pt\/?page_id=2352"},"modified":"2025-01-17T14:29:17","modified_gmt":"2025-01-17T14:29:17","slug":"final-program","status":"publish","type":"page","link":"https:\/\/www.cu-boom2bust.uevora.pt\/index.php\/final-program\/","title":{"rendered":"From Boom to Bust meeting"},"content":{"rendered":"\n<p class=\"has-text-align-center\" style=\"font-size:24px\"><strong>Forging Connections: Metal Circulation, Technology, and Social Networks between Atlantic Europe and the Mediterranean World in the 2nd and 1st millennia BC<\/strong><\/p>\n\n\n\n<p class=\"has-text-align-center\"><strong>Universidade de \u00c9vora<\/strong> | <strong>Museu Nacional Frei Manuel do Cen\u00e1culo<\/strong><\/p>\n\n\n\n<p class=\"has-text-align-center\"><strong>\u00c9vora, 21 January 2025<\/strong><\/p>\n\n\n\n<p class=\"has-text-align-center\">Registration to: <a>geral.mnfmc@museusemonumentos.pt<\/a><\/p>\n\n\n\n<div data-wp-interactive=\"core\/file\" class=\"wp-block-file\"><object data-wp-bind--hidden=\"!state.hasPdfPreview\" hidden class=\"wp-block-file__embed\" data=\"https:\/\/www.cu-boom2bust.uevora.pt\/wp-content\/uploads\/2025\/01\/BoomToBust-ProgramaResumos.pdf\" type=\"application\/pdf\" style=\"width:100%;height:600px\" aria-label=\"Embed of BoomToBust-Programa+Resumos.\"><\/object><a id=\"wp-block-file--media-a89e3c85-768d-471b-833e-627c7a2c776b\" href=\"https:\/\/www.cu-boom2bust.uevora.pt\/wp-content\/uploads\/2025\/01\/BoomToBust-ProgramaResumos.pdf\">BoomToBust-Programa+Resumos<\/a><a href=\"https:\/\/www.cu-boom2bust.uevora.pt\/wp-content\/uploads\/2025\/01\/BoomToBust-ProgramaResumos.pdf\" class=\"wp-block-file__button wp-element-button\" download aria-describedby=\"wp-block-file--media-a89e3c85-768d-471b-833e-627c7a2c776b\">Download<\/a><\/div>\n\n\n\n<p><\/p>\n","protected":false},"excerpt":{"rendered":"<p>Forging Connections: Metal Circulation, Technology, and Social Networks between Atlantic Europe and the Mediterranean World in the 2nd and 1st millennia BC Universidade de \u00c9vora | Museu Nacional Frei Manuel do Cen\u00e1culo \u00c9vora, 21 January 2025 Registration to: geral.mnfmc@museusemonumentos.pt<\/p>\n","protected":false},"author":6,"featured_media":0,"parent":0,"menu_order":0,"comment_status":"closed","ping_status":"closed","template":"","meta":{"footnotes":""},"class_list":["post-2352","page","type-page","status-publish","hentry"],"_links":{"self":[{"href":"https:\/\/www.cu-boom2bust.uevora.pt\/index.php\/wp-json\/wp\/v2\/pages\/2352","targetHints":{"allow":["GET"]}}],"collection":[{"href":"https:\/\/www.cu-boom2bust.uevora.pt\/index.php\/wp-json\/wp\/v2\/pages"}],"about":[{"href":"https:\/\/www.cu-boom2bust.uevora.pt\/index.php\/wp-json\/wp\/v2\/types\/page"}],"author":[{"embeddable":true,"href":"https:\/\/www.cu-boom2bust.uevora.pt\/index.php\/wp-json\/wp\/v2\/users\/6"}],"replies":[{"embeddable":true,"href":"https:\/\/www.cu-boom2bust.uevora.pt\/index.php\/wp-json\/wp\/v2\/comments?post=2352"}],"version-history":[{"count":22,"href":"https:\/\/www.cu-boom2bust.uevora.pt\/index.php\/wp-json\/wp\/v2\/pages\/2352\/revisions"}],"predecessor-version":[{"id":2490,"href":"https:\/\/www.cu-boom2bust.uevora.pt\/index.php\/wp-json\/wp\/v2\/pages\/2352\/revisions\/2490"}],"wp:attachment":[{"href":"https:\/\/www.cu-boom2bust.uevora.pt\/index.php\/wp-json\/wp\/v2\/media?parent=2352"}],"curies":[{"name":"wp","href":"https:\/\/api.w.org\/{rel}","templated":true}]}}